{"id":1487,"date":"2024-02-14T00:00:00","date_gmt":"2023-02-14T07:11:12","guid":{"rendered":"https:\/\/wordpressthemes.live\/WCG1\/WCM13_megashop\/kitchen\/?page_id=2"},"modified":"2026-03-19T13:03:41","modified_gmt":"2026-03-19T12:03:41","slug":"home","status":"publish","type":"page","link":"https:\/\/www.kitchenaid-shop.tn\/","title":{"rendered":"Home"},"content":{"rendered":"\t\t<div data-elementor-type=\"wp-page\" data-elementor-id=\"1487\" class=\"elementor elementor-1487\" data-elementor-post-type=\"page\">\n\t\t\t\t<div class=\"elementor-element elementor-element-6069d34 e-con-full e-flex e-con e-parent\" data-id=\"6069d34\" data-element_type=\"container\" data-settings=\"{&quot;background_background&quot;:&quot;classic&quot;}\">\n\t\t\t\t<\/div>\n\t\t<div class=\"elementor-element elementor-element-0e1c3db e-flex e-con-boxed e-con e-parent\" data-id=\"0e1c3db\" data-element_type=\"container\">\n\t\t\t\t\t<div class=\"e-con-inner\">\n\t\t\t\t<div class=\"elementor-element elementor-element-3f4eafd elementor-widget elementor-widget-heading\" data-id=\"3f4eafd\" data-element_type=\"widget\" data-widget_type=\"heading.default\">\n\t\t\t\t\t<h2 class=\"elementor-heading-title elementor-size-default\">Envie d\u2019en profiter encore plus ? Trouvez le mod\u00e8le id\u00e9al<\/h2>\t\t\t\t<\/div>\n\t\t\t\t\t<\/div>\n\t\t\t\t<\/div>\n\t\t<div class=\"elementor-element elementor-element-584b086 e-grid e-con-boxed e-con e-parent\" data-id=\"584b086\" data-element_type=\"container\">\n\t\t\t\t\t<div class=\"e-con-inner\">\n\t\t\t\t<div class=\"elementor-element elementor-element-1242e5c elementor-widget elementor-widget-image\" data-id=\"1242e5c\" data-element_type=\"widget\" data-widget_type=\"image.default\">\n\t\t\t\t\t\t\t\t\t\t\t\t<figure class=\"wp-caption\">\n\t\t\t\t\t\t\t\t\t\t\t<a href=\"https:\/\/www.kitchenaid-shop.tn\/?product_cat=medium\">\n\t\t\t\t\t\t\t<img fetchpriority=\"high\" decoding=\"async\" width=\"800\" height=\"800\" src=\"https:\/\/www.kitchenaid-shop.tn\/wp-content\/uploads\/2025\/12\/5KSM175PSER_R.jpg\" class=\"elementor-animation-grow attachment-large size-large wp-image-2488\" alt=\"Robots p\u00e2tissiers\" srcset=\"https:\/\/www.kitchenaid-shop.tn\/wp-content\/uploads\/2025\/12\/5KSM175PSER_R.jpg 800w, https:\/\/www.kitchenaid-shop.tn\/wp-content\/uploads\/2025\/12\/5KSM175PSER_R-300x300.jpg 300w, https:\/\/www.kitchenaid-shop.tn\/wp-content\/uploads\/2025\/12\/5KSM175PSER_R-150x150.jpg 150w, https:\/\/www.kitchenaid-shop.tn\/wp-content\/uploads\/2025\/12\/5KSM175PSER_R-768x768.jpg 768w, https:\/\/www.kitchenaid-shop.tn\/wp-content\/uploads\/2025\/12\/5KSM175PSER_R-600x600.jpg 600w, https:\/\/www.kitchenaid-shop.tn\/wp-content\/uploads\/2025\/12\/5KSM175PSER_R-100x100.jpg 100w, https:\/\/www.kitchenaid-shop.tn\/wp-content\/uploads\/2025\/12\/5KSM175PSER_R-96x96.jpg 96w, https:\/\/www.kitchenaid-shop.tn\/wp-content\/uploads\/2025\/12\/5KSM175PSER_R-460x460.jpg 460w\" sizes=\"(max-width: 800px) 100vw, 800px\" \/>\t\t\t\t\t\t\t\t<\/a>\n\t\t\t\t\t\t\t\t\t\t\t<figcaption class=\"widget-image-caption wp-caption-text\">Robots p\u00e2tissiers<\/figcaption>\n\t\t\t\t\t\t\t\t\t\t<\/figure>\n\t\t\t\t\t\t\t\t\t<\/div>\n\t\t\t\t<div class=\"elementor-element elementor-element-ff41547 elementor-widget elementor-widget-image\" data-id=\"ff41547\" data-element_type=\"widget\" data-widget_type=\"image.default\">\n\t\t\t\t\t\t\t\t\t\t\t\t<figure class=\"wp-caption\">\n\t\t\t\t\t\t\t\t\t\t<img decoding=\"async\" width=\"800\" height=\"770\" src=\"https:\/\/www.kitchenaid-shop.tn\/wp-content\/uploads\/2025\/12\/Bread-Bowl-5KSM2CB5BGS-right-side-up-handles-front.jpg\" class=\"elementor-animation-grow attachment-large size-large wp-image-2489\" alt=\"Accessoires pour robot p\u00e2tissier\" srcset=\"https:\/\/www.kitchenaid-shop.tn\/wp-content\/uploads\/2025\/12\/Bread-Bowl-5KSM2CB5BGS-right-side-up-handles-front.jpg 800w, https:\/\/www.kitchenaid-shop.tn\/wp-content\/uploads\/2025\/12\/Bread-Bowl-5KSM2CB5BGS-right-side-up-handles-front-300x289.jpg 300w, https:\/\/www.kitchenaid-shop.tn\/wp-content\/uploads\/2025\/12\/Bread-Bowl-5KSM2CB5BGS-right-side-up-handles-front-768x739.jpg 768w, https:\/\/www.kitchenaid-shop.tn\/wp-content\/uploads\/2025\/12\/Bread-Bowl-5KSM2CB5BGS-right-side-up-handles-front-600x578.jpg 600w\" sizes=\"(max-width: 800px) 100vw, 800px\" \/>\t\t\t\t\t\t\t\t\t\t\t<figcaption class=\"widget-image-caption wp-caption-text\">Accessoires pour robot p\u00e2tissier<\/figcaption>\n\t\t\t\t\t\t\t\t\t\t<\/figure>\n\t\t\t\t\t\t\t\t\t<\/div>\n\t\t\t\t<div class=\"elementor-element elementor-element-aa8da8d elementor-widget elementor-widget-image\" data-id=\"aa8da8d\" data-element_type=\"widget\" data-widget_type=\"image.default\">\n\t\t\t\t\t\t\t\t\t\t\t\t<figure class=\"wp-caption\">\n\t\t\t\t\t\t\t\t\t\t\t<a href=\"https:\/\/www.kitchenaid-shop.tn\/?product_cat=bouilloires\">\n\t\t\t\t\t\t\t<img decoding=\"async\" width=\"799\" height=\"799\" src=\"https:\/\/www.kitchenaid-shop.tn\/wp-content\/uploads\/2025\/12\/Kettle-pebble-palm.jpg\" class=\"elementor-animation-grow attachment-large size-large wp-image-2490\" alt=\"Bouilloires\" srcset=\"https:\/\/www.kitchenaid-shop.tn\/wp-content\/uploads\/2025\/12\/Kettle-pebble-palm.jpg 799w, https:\/\/www.kitchenaid-shop.tn\/wp-content\/uploads\/2025\/12\/Kettle-pebble-palm-300x300.jpg 300w, https:\/\/www.kitchenaid-shop.tn\/wp-content\/uploads\/2025\/12\/Kettle-pebble-palm-150x150.jpg 150w, https:\/\/www.kitchenaid-shop.tn\/wp-content\/uploads\/2025\/12\/Kettle-pebble-palm-768x768.jpg 768w, https:\/\/www.kitchenaid-shop.tn\/wp-content\/uploads\/2025\/12\/Kettle-pebble-palm-600x600.jpg 600w, https:\/\/www.kitchenaid-shop.tn\/wp-content\/uploads\/2025\/12\/Kettle-pebble-palm-100x100.jpg 100w, https:\/\/www.kitchenaid-shop.tn\/wp-content\/uploads\/2025\/12\/Kettle-pebble-palm-96x96.jpg 96w, https:\/\/www.kitchenaid-shop.tn\/wp-content\/uploads\/2025\/12\/Kettle-pebble-palm-460x460.jpg 460w\" sizes=\"(max-width: 799px) 100vw, 799px\" \/>\t\t\t\t\t\t\t\t<\/a>\n\t\t\t\t\t\t\t\t\t\t\t<figcaption class=\"widget-image-caption wp-caption-text\">Bouilloires<\/figcaption>\n\t\t\t\t\t\t\t\t\t\t<\/figure>\n\t\t\t\t\t\t\t\t\t<\/div>\n\t\t\t\t<div class=\"elementor-element elementor-element-a42fa42 elementor-widget elementor-widget-image\" data-id=\"a42fa42\" data-element_type=\"widget\" data-widget_type=\"image.default\">\n\t\t\t\t\t\t\t\t\t\t\t\t<figure class=\"wp-caption\">\n\t\t\t\t\t\t\t\t\t\t\t<a href=\"https:\/\/www.kitchenaid-shop.tn\/?product_cat=grille-pains\">\n\t\t\t\t\t\t\t<img loading=\"lazy\" decoding=\"async\" width=\"800\" height=\"800\" src=\"https:\/\/www.kitchenaid-shop.tn\/wp-content\/uploads\/2025\/12\/Toaster-pebble-palm.jpg\" class=\"elementor-animation-grow attachment-large size-large wp-image-2493\" alt=\"Grille-pains\" srcset=\"https:\/\/www.kitchenaid-shop.tn\/wp-content\/uploads\/2025\/12\/Toaster-pebble-palm.jpg 800w, https:\/\/www.kitchenaid-shop.tn\/wp-content\/uploads\/2025\/12\/Toaster-pebble-palm-300x300.jpg 300w, https:\/\/www.kitchenaid-shop.tn\/wp-content\/uploads\/2025\/12\/Toaster-pebble-palm-150x150.jpg 150w, https:\/\/www.kitchenaid-shop.tn\/wp-content\/uploads\/2025\/12\/Toaster-pebble-palm-768x768.jpg 768w, https:\/\/www.kitchenaid-shop.tn\/wp-content\/uploads\/2025\/12\/Toaster-pebble-palm-600x600.jpg 600w, https:\/\/www.kitchenaid-shop.tn\/wp-content\/uploads\/2025\/12\/Toaster-pebble-palm-100x100.jpg 100w, https:\/\/www.kitchenaid-shop.tn\/wp-content\/uploads\/2025\/12\/Toaster-pebble-palm-96x96.jpg 96w, https:\/\/www.kitchenaid-shop.tn\/wp-content\/uploads\/2025\/12\/Toaster-pebble-palm-460x460.jpg 460w\" sizes=\"(max-width: 800px) 100vw, 800px\" \/>\t\t\t\t\t\t\t\t<\/a>\n\t\t\t\t\t\t\t\t\t\t\t<figcaption class=\"widget-image-caption wp-caption-text\">Grille-pains<\/figcaption>\n\t\t\t\t\t\t\t\t\t\t<\/figure>\n\t\t\t\t\t\t\t\t\t<\/div>\n\t\t\t\t\t<\/div>\n\t\t\t\t<\/div>\n\t\t<div class=\"elementor-element elementor-element-eddc5d7 e-flex e-con-boxed e-con e-parent\" data-id=\"eddc5d7\" data-element_type=\"container\">\n\t\t\t\t\t<div class=\"e-con-inner\">\n\t\t\t\t\t<\/div>\n\t\t\t\t<\/div>\n\t\t\t\t<\/div>\n\t\t","protected":false},"excerpt":{"rendered":"<p>Envie d\u2019en profiter encore plus ? Trouvez le mod\u00e8le id\u00e9al Robots p\u00e2tissiers Accessoires pour robot p\u00e2tissier Bouilloires Grille-pains<\/p>\n","protected":false},"author":1,"featured_media":0,"parent":0,"menu_order":0,"comment_status":"closed","ping_status":"closed","template":"","meta":{"inline_featured_image":false,"_bst_post_transparent":"","_bst_post_title":"hide","_bst_post_layout":"","_bst_post_sidebar_id":"","_bst_post_content_style":"","_bst_post_vertical_padding":"hide","_bst_post_feature":"","_bst_post_feature_position":"","_bst_post_header":false,"_bst_post_footer":false,"footnotes":""},"class_list":["post-1487","page","type-page","status-publish","hentry"],"_links":{"self":[{"href":"https:\/\/www.kitchenaid-shop.tn\/index.php?rest_route=\/wp\/v2\/pages\/1487","targetHints":{"allow":["GET"]}}],"collection":[{"href":"https:\/\/www.kitchenaid-shop.tn\/index.php?rest_route=\/wp\/v2\/pages"}],"about":[{"href":"https:\/\/www.kitchenaid-shop.tn\/index.php?rest_route=\/wp\/v2\/types\/page"}],"author":[{"embeddable":true,"href":"https:\/\/www.kitchenaid-shop.tn\/index.php?rest_route=\/wp\/v2\/users\/1"}],"replies":[{"embeddable":true,"href":"https:\/\/www.kitchenaid-shop.tn\/index.php?rest_route=%2Fwp%2Fv2%2Fcomments&post=1487"}],"version-history":[{"count":67,"href":"https:\/\/www.kitchenaid-shop.tn\/index.php?rest_route=\/wp\/v2\/pages\/1487\/revisions"}],"predecessor-version":[{"id":2669,"href":"https:\/\/www.kitchenaid-shop.tn\/index.php?rest_route=\/wp\/v2\/pages\/1487\/revisions\/2669"}],"wp:attachment":[{"href":"https:\/\/www.kitchenaid-shop.tn\/index.php?rest_route=%2Fwp%2Fv2%2Fmedia&parent=1487"}],"curies":[{"name":"wp","href":"https:\/\/api.w.org\/{rel}","templated":true}]}}